{"id":283,"date":"2023-03-05T04:04:27","date_gmt":"2023-03-05T04:04:27","guid":{"rendered":"https:\/\/monheberger.com\/?page_id=283"},"modified":"2023-03-05T04:15:34","modified_gmt":"2023-03-05T04:15:34","slug":"about-us","status":"publish","type":"page","link":"https:\/\/monheberger.com\/el\/about-us\/","title":{"rendered":"ABOUT US"},"content":{"rendered":"<div data-elementor-type=\"wp-page\" data-elementor-id=\"283\" class=\"elementor elementor-283\">\n\t\t\t\t\t\t<section class=\"elementor-section elementor-top-section elementor-element elementor-element-369757cd elementor-section-height-min-height elementor-section-content-middle elementor-section-boxed elementor-section-height-default elementor-section-items-middle\" data-id=\"369757cd\" data-element_type=\"section\" data-e-type=\"section\" data-settings=\"{&quot;background_background&quot;:&quot;classic&quot;}\">\n\t\t\t\t\t\t\t<div class=\"elementor-background-overlay\"><\/div>\n\t\t\t\t\t\t\t<div class=\"elementor-container elementor-column-gap-no\">\n\t\t\t\t\t<div class=\"elementor-column elementor-col-100 elementor-top-column elementor-element elementor-element-389926d1\" data-id=\"389926d1\" data-element_type=\"column\" data-e-type=\"column\">\n\t\t\t<div class=\"elementor-widget-wrap elementor-element-populated\">\n\t\t\t\t\t\t<section class=\"elementor-section elementor-inner-section elementor-element elementor-element-7ae9260c elementor-section-boxed elementor-section-height-default elementor-section-height-default\" data-id=\"7ae9260c\" data-element_type=\"section\" data-e-type=\"section\">\n\t\t\t\t\t\t<div class=\"elementor-container elementor-column-gap-default\">\n\t\t\t\t\t<div class=\"elementor-column elementor-col-100 elementor-inner-column elementor-element elementor-element-1000efc5\" data-id=\"1000efc5\" data-element_type=\"column\" data-e-type=\"column\">\n\t\t\t<div class=\"elementor-widget-wrap elementor-element-populated\">\n\t\t\t\t\t\t\t<\/div>\n\t\t<\/div>\n\t\t\t\t\t<\/div>\n\t\t<\/section>\n\t\t\t\t\t<\/div>\n\t\t<\/div>\n\t\t\t\t\t<\/div>\n\t\t<\/section>\n\t\t\t\t<section class=\"elementor-section elementor-top-section elementor-element elementor-element-7df405a4 elementor-section-content-middle elementor-section-boxed elementor-section-height-default elementor-section-height-default\" data-id=\"7df405a4\" data-element_type=\"section\" data-e-type=\"section\">\n\t\t\t\t\t\t<div class=\"elementor-container elementor-column-gap-no\">\n\t\t\t\t\t<div class=\"elementor-column elementor-col-100 elementor-top-column elementor-element elementor-element-1483e916\" data-id=\"1483e916\" data-element_type=\"column\" data-e-type=\"column\">\n\t\t\t<div class=\"elementor-widget-wrap elementor-element-populated\">\n\t\t\t\t\t\t<div class=\"elementor-element elementor-element-3f4e4c elementor-widget elementor-widget-image\" data-id=\"3f4e4c\" data-element_type=\"widget\" data-e-type=\"widget\" data-widget_type=\"image.default\">\n\t\t\t\t<div class=\"elementor-widget-container\">\n\t\t\t\t\t\t\t\t\t\t\t\t\t\t\t<img fetchpriority=\"high\" decoding=\"async\" width=\"544\" height=\"317\" src=\"https:\/\/monheberger.com\/wp-content\/uploads\/2023\/03\/istockphoto-1314761274-170667a.jpg\" class=\"attachment-full size-full wp-image-293\" alt=\"\" srcset=\"https:\/\/monheberger.com\/wp-content\/uploads\/2023\/03\/istockphoto-1314761274-170667a.jpg 544w, https:\/\/monheberger.com\/wp-content\/uploads\/2023\/03\/istockphoto-1314761274-170667a-300x175.jpg 300w\" sizes=\"(max-width: 544px) 100vw, 544px\" \/>\t\t\t\t\t\t\t\t\t\t\t\t\t\t\t<\/div>\n\t\t\t\t<\/div>\n\t\t\t\t<div class=\"elementor-element elementor-element-28a43e3c elementor-widget elementor-widget-text-editor\" data-id=\"28a43e3c\" data-element_type=\"widget\" data-e-type=\"widget\" data-widget_type=\"text-editor.default\">\n\t\t\t\t<div class=\"elementor-widget-container\">\n\t\t\t\t\t\t\t\t\t<p>Monheberger est une plate-forme d&#8217;h\u00e9bergement professionnelle. Ici, nous ne vous fournirons que du contenu int\u00e9ressant, que vous aimerez beaucoup. Nous nous engageons \u00e0 vous fournir le meilleur de l&#8217;h\u00e9bergement, en mettant l&#8217;accent sur la fiabilit\u00e9 et l&#8217;h\u00e9bergement Web. Nous nous effor\u00e7ons de transformer notre passion pour l&#8217;h\u00e9bergement en un site Web en ligne en plein essor. Nous esp\u00e9rons que vous appr\u00e9cierez notre H\u00e9bergement autant que nous aimons vous les offrir.<\/p><p>Je continuerai \u00e0 publier des messages plus importants sur mon site Web pour vous tous. Veuillez apporter votre soutien et votre amour.<\/p><p>Merci de visiter notre site<\/p><p>Passe une bonne journ\u00e9e !<\/p>\t\t\t\t\t\t\t\t<\/div>\n\t\t\t\t<\/div>\n\t\t\t\t\t<\/div>\n\t\t<\/div>\n\t\t\t\t\t<\/div>\n\t\t<\/section>\n\t\t\t\t<\/div>","protected":false},"excerpt":{"rendered":"<p>Monheberger est une plate-forme d&#8217;h\u00e9bergement professionnelle. Ici, nous ne vous fournirons que du contenu int\u00e9ressant, que vous aimerez beaucoup. Nous nous engageons \u00e0 vous fournir le meilleur de l&#8217;h\u00e9bergement, en mettant l&#8217;accent sur la fiabilit\u00e9 et l&#8217;h\u00e9bergement Web. Nous nous effor\u00e7ons de transformer notre passion pour l&#8217;h\u00e9bergement en un site Web en ligne en plein [&hellip;]<\/p>","protected":false},"author":1,"featured_media":0,"parent":0,"menu_order":0,"comment_status":"closed","ping_status":"closed","template":"elementor_header_footer","meta":{"footnotes":""},"class_list":["post-283","page","type-page","status-publish","hentry"],"_links":{"self":[{"href":"https:\/\/monheberger.com\/el\/wp-json\/wp\/v2\/pages\/283","targetHints":{"allow":["GET"]}}],"collection":[{"href":"https:\/\/monheberger.com\/el\/wp-json\/wp\/v2\/pages"}],"about":[{"href":"https:\/\/monheberger.com\/el\/wp-json\/wp\/v2\/types\/page"}],"author":[{"embeddable":true,"href":"https:\/\/monheberger.com\/el\/wp-json\/wp\/v2\/users\/1"}],"replies":[{"embeddable":true,"href":"https:\/\/monheberger.com\/el\/wp-json\/wp\/v2\/comments?post=283"}],"version-history":[{"count":13,"href":"https:\/\/monheberger.com\/el\/wp-json\/wp\/v2\/pages\/283\/revisions"}],"predecessor-version":[{"id":306,"href":"https:\/\/monheberger.com\/el\/wp-json\/wp\/v2\/pages\/283\/revisions\/306"}],"wp:attachment":[{"href":"https:\/\/monheberger.com\/el\/wp-json\/wp\/v2\/media?parent=283"}],"curies":[{"name":"wp","href":"https:\/\/api.w.org\/{rel}","templated":true}]}}